{"id":2386,"date":"2024-05-02T21:34:37","date_gmt":"2024-05-02T21:34:37","guid":{"rendered":"https:\/\/www.primazdroj.com\/produkt\/parking-satos-povazska-bystrica\/"},"modified":"2024-05-02T21:34:37","modified_gmt":"2024-05-02T21:34:37","slug":"parking-satos-povazska-bystrica","status":"publish","type":"product","link":"https:\/\/www.primazdroj.com\/en\/produkt\/parking-satos-povazska-bystrica\/","title":{"rendered":"Parking SATOS Pova\u017esk\u00e1 Bystrica"},"content":{"rendered":"<p><strong>Address<\/strong><\/p>\n<p><a href=\"https:\/\/www.google.com\/maps\/place\/N%C3%A1mestie+Andreja+Hlinku+29,+017+01+Pova%C5%BEsk%C3%A1+Bystrica\/@49.1169182,18.4499953,303m\/data=!3m1!1e3!4m6!3m5!1s0x47148be52d25b1cb:0x7b83a9f387be3820!8m2!3d49.116924!4d18.4508831!16s%2Fg%2F11fklh5bqw?entry=ttu\">US. A. HLINKU 29, 017 01 POVA\u017dSK\u00c1 BYSTRICA<\/a><\/p>\n<p><strong>Location<\/strong><\/p>\n<ul>\n<li>The building is situated in the center of Pova\u017esk\u00e1 Bystrica, near the House of Culture, schools, VUB bank, insurance companies, restaurants, textile shops, newly remodeled park fountain and many others, which ensures high occupancy of people.<\/li>\n<li><b>Transport connections: <\/b>main drag (motorway) approx. 2km, railway station 1.8 km, bus station 2.5 km.<\/li>\n<li>Opposite the building is a renovated fountain with a playground.<\/li>\n<li>The House of Culture is located near the building.<\/li>\n<li>At a distance of about 500m there is a Kaufland shop, KIK shop, florist, tobacco, sports textiles, betting office.<\/li>\n<\/ul>\n<p>&nbsp;<\/p>\n<p><strong>Utilization<\/strong><\/p>\n<ul>\n<li>City centre and at the same time a residential zone &#8211; high occupancy of people.<\/li>\n<li>Possibility of advertising on the facade.<\/li>\n<li>A wide choice of spaces available.<\/li>\n<li><strong>More than 50 parking spaces.<\/strong><\/li>\n<li><strong>Possibility of advertising on the facade<\/strong><\/li>\n<\/ul>\n","protected":false},"excerpt":{"rendered":"<p>Address US. A. HLINKU 29, 017 01 POVA\u017dSK\u00c1 BYSTRICA Location The building is situated in the center of Pova\u017esk\u00e1 Bystrica, near the House of Culture, schools, VUB bank, insurance companies, restaurants, textile shops, newly remodeled park fountain and many others, which ensures high occupancy of people. Transport connections: main drag (motorway) approx. 2km, railway station [&hellip;]<\/p>\n","protected":false},"featured_media":2385,"template":"","meta":{"_monsterinsights_skip_tracking":false,"_monsterinsights_sitenote_active":false,"_monsterinsights_sitenote_note":"","_monsterinsights_sitenote_category":0},"product_brand":[],"product_cat":[64,49],"product_tag":[57],"class_list":{"0":"post-2386","1":"product","2":"type-product","3":"status-publish","4":"has-post-thumbnail","6":"product_cat-parking-spaces","7":"product_cat-complete-offer","8":"product_tag-trencin-region","10":"first","11":"instock","12":"shipping-taxable","13":"product-type-simple"},"aioseo_notices":[],"jetpack_sharing_enabled":true,"_links":{"self":[{"href":"https:\/\/www.primazdroj.com\/en\/wp-json\/wp\/v2\/product\/2386","targetHints":{"allow":["GET"]}}],"collection":[{"href":"https:\/\/www.primazdroj.com\/en\/wp-json\/wp\/v2\/product"}],"about":[{"href":"https:\/\/www.primazdroj.com\/en\/wp-json\/wp\/v2\/types\/product"}],"wp:featuredmedia":[{"embeddable":true,"href":"https:\/\/www.primazdroj.com\/en\/wp-json\/wp\/v2\/media\/2385"}],"wp:attachment":[{"href":"https:\/\/www.primazdroj.com\/en\/wp-json\/wp\/v2\/media?parent=2386"}],"wp:term":[{"taxonomy":"product_brand","embeddable":true,"href":"https:\/\/www.primazdroj.com\/en\/wp-json\/wp\/v2\/product_brand?post=2386"},{"taxonomy":"product_cat","embeddable":true,"href":"https:\/\/www.primazdroj.com\/en\/wp-json\/wp\/v2\/product_cat?post=2386"},{"taxonomy":"product_tag","embeddable":true,"href":"https:\/\/www.primazdroj.com\/en\/wp-json\/wp\/v2\/product_tag?post=2386"}],"curies":[{"name":"wp","href":"https:\/\/api.w.org\/{rel}","templated":true}]}}