{"id":2378,"date":"2024-05-02T21:29:22","date_gmt":"2024-05-02T21:29:22","guid":{"rendered":"https:\/\/www.primazdroj.com\/produkt\/parking-logistics-base-povazske-podhradie\/"},"modified":"2024-05-02T21:29:22","modified_gmt":"2024-05-02T21:29:22","slug":"parking-logistics-base-povazske-podhradie","status":"publish","type":"product","link":"https:\/\/www.primazdroj.com\/en\/produkt\/parking-logistics-base-povazske-podhradie\/","title":{"rendered":"Parking logistics base Pova\u017esk\u00e9 Podhradie"},"content":{"rendered":"<p><strong>Address<\/strong><\/p>\n<p><a href=\"https:\/\/www.google.com\/maps\/@49.1319342,18.4447105,3a,75y,139.47h,74.13t\/data=!3m9!1e1!3m7!1sJCNLeQvjH_QqXdVpg-RWtg!2e0!7i16384!8i8192!9m2!1b1!2i39?entry=ttu\">THE AREA OF POVA\u017dSK\u00c1 BYSTRICA &#8211; 017 04 POVA\u017dSK\u00c9 PODHRADIE<\/a><\/p>\n<p>&nbsp;<\/p>\n<p><strong>Location<\/strong><\/p>\n<ul>\n<li>The area is situated in the industrial zone of Pova\u017esk\u00e1 Bystrica &#8211; part of Pova\u017esk\u00e9 Podhradie.<\/li>\n<li>Transport connections &#8211; the area is situated by the main road, motorway feeder D1 0.8 km, bus station and railway station 1.5 km.<\/li>\n<li>Airport \u017dilina &#8211; Hri\u010dov is about 20 km from the property.<\/li>\n<\/ul>\n<p>&nbsp;<\/p>\n<p><strong>Utilization<\/strong><\/p>\n<ul>\n<li><b>Construction area consists of 4 buildings : <\/b>\n<ul>\n<li>the warehouse,<\/li>\n<li>administrative building,<\/li>\n<li>The gatekeeper,<\/li>\n<li>the warehouse.<\/li>\n<\/ul>\n<p>In the area are situated operations &#8211; production and sale of swimming pools, warehouse business equipment.<\/li>\n<li>Possibilities of commercial use &#8211; business premises, production premises, warehouse premises, office premises.<\/li>\n<li><strong>Possibility of parking at the building inside the premises.<\/strong><\/li>\n<li><strong>Possibility of advertising on the facade<\/strong><\/li>\n<\/ul>\n","protected":false},"excerpt":{"rendered":"<p>Address THE AREA OF POVA\u017dSK\u00c1 BYSTRICA &#8211; 017 04 POVA\u017dSK\u00c9 PODHRADIE &nbsp; Location The area is situated in the industrial zone of Pova\u017esk\u00e1 Bystrica &#8211; part of Pova\u017esk\u00e9 Podhradie. Transport connections &#8211; the area is situated by the main road, motorway feeder D1 0.8 km, bus station and railway station 1.5 km. Airport \u017dilina &#8211; [&hellip;]<\/p>\n","protected":false},"featured_media":2371,"template":"","meta":{"_monsterinsights_skip_tracking":false,"_monsterinsights_sitenote_active":false,"_monsterinsights_sitenote_note":"","_monsterinsights_sitenote_category":0},"product_brand":[],"product_cat":[64,49],"product_tag":[57],"class_list":{"0":"post-2378","1":"product","2":"type-product","3":"status-publish","4":"has-post-thumbnail","6":"product_cat-parking-spaces","7":"product_cat-complete-offer","8":"product_tag-trencin-region","10":"first","11":"instock","12":"shipping-taxable","13":"product-type-simple"},"aioseo_notices":[],"jetpack_sharing_enabled":true,"_links":{"self":[{"href":"https:\/\/www.primazdroj.com\/en\/wp-json\/wp\/v2\/product\/2378","targetHints":{"allow":["GET"]}}],"collection":[{"href":"https:\/\/www.primazdroj.com\/en\/wp-json\/wp\/v2\/product"}],"about":[{"href":"https:\/\/www.primazdroj.com\/en\/wp-json\/wp\/v2\/types\/product"}],"wp:featuredmedia":[{"embeddable":true,"href":"https:\/\/www.primazdroj.com\/en\/wp-json\/wp\/v2\/media\/2371"}],"wp:attachment":[{"href":"https:\/\/www.primazdroj.com\/en\/wp-json\/wp\/v2\/media?parent=2378"}],"wp:term":[{"taxonomy":"product_brand","embeddable":true,"href":"https:\/\/www.primazdroj.com\/en\/wp-json\/wp\/v2\/product_brand?post=2378"},{"taxonomy":"product_cat","embeddable":true,"href":"https:\/\/www.primazdroj.com\/en\/wp-json\/wp\/v2\/product_cat?post=2378"},{"taxonomy":"product_tag","embeddable":true,"href":"https:\/\/www.primazdroj.com\/en\/wp-json\/wp\/v2\/product_tag?post=2378"}],"curies":[{"name":"wp","href":"https:\/\/api.w.org\/{rel}","templated":true}]}}