{"id":2350,"date":"2024-05-02T21:11:59","date_gmt":"2024-05-02T21:11:59","guid":{"rendered":"https:\/\/www.primazdroj.com\/produkt\/parking-st-kuzmanyho-banska-bystrica\/"},"modified":"2024-05-02T21:11:59","modified_gmt":"2024-05-02T21:11:59","slug":"parking-st-kuzmanyho-banska-bystrica","status":"publish","type":"product","link":"https:\/\/www.primazdroj.com\/en\/produkt\/parking-st-kuzmanyho-banska-bystrica\/","title":{"rendered":"Parking st. Kuzm\u00e1nyho Bansk\u00e1 Bystrica"},"content":{"rendered":"<p><strong>Address<\/strong><\/p>\n<p>Kuzm\u00e1nyho 5, 974 05 Bansk\u00e1 Bystrica<\/p>\n<p><strong>Location<\/strong><\/p>\n<ul>\n<li>The building is located on the one-way Kuzm\u00e1nyho Street in the centre of Bansk\u00e1 Bystrica in the monument reserve near the SNP Square.<\/li>\n<li><b>Transport connections: <\/b>main road (expressway) &#8211; 1.8 km, bus station 1.6 km and railway station 1.7 km.<\/li>\n<\/ul>\n<p><b>Civic amenities within a radius of about 1 km from the property:<\/b><\/p>\n<ul>\n<li>Matej Bel University.<\/li>\n<li>Restaurant, guesthouse, hotel, bank, state opera, pharmacy, school, kindergarten, grocery.<\/li>\n<li>Nearby is OC EUROPA.<\/li>\n<\/ul>\n<p>&nbsp;<\/p>\n<p><strong>Utilization<\/strong><\/p>\n<ul>\n<li><strong>Possibility of advertising on the facade<\/strong><\/li>\n<li>The building is used for administrative activities &#8211; renting office space.<\/li>\n<\/ul>\n","protected":false},"excerpt":{"rendered":"<p>Address Kuzm\u00e1nyho 5, 974 05 Bansk\u00e1 Bystrica Location The building is located on the one-way Kuzm\u00e1nyho Street in the centre of Bansk\u00e1 Bystrica in the monument reserve near the SNP Square. Transport connections: main road (expressway) &#8211; 1.8 km, bus station 1.6 km and railway station 1.7 km. Civic amenities within a radius of about [&hellip;]<\/p>\n","protected":false},"featured_media":2349,"template":"","meta":{"_monsterinsights_skip_tracking":false,"_monsterinsights_sitenote_active":false,"_monsterinsights_sitenote_note":"","_monsterinsights_sitenote_category":0},"product_brand":[],"product_cat":[64,49],"product_tag":[56],"class_list":{"0":"post-2350","1":"product","2":"type-product","3":"status-publish","4":"has-post-thumbnail","6":"product_cat-parking-spaces","7":"product_cat-complete-offer","8":"product_tag-banska-bystrica-region","10":"first","11":"instock","12":"shipping-taxable","13":"product-type-simple"},"aioseo_notices":[],"jetpack_sharing_enabled":true,"_links":{"self":[{"href":"https:\/\/www.primazdroj.com\/en\/wp-json\/wp\/v2\/product\/2350","targetHints":{"allow":["GET"]}}],"collection":[{"href":"https:\/\/www.primazdroj.com\/en\/wp-json\/wp\/v2\/product"}],"about":[{"href":"https:\/\/www.primazdroj.com\/en\/wp-json\/wp\/v2\/types\/product"}],"wp:featuredmedia":[{"embeddable":true,"href":"https:\/\/www.primazdroj.com\/en\/wp-json\/wp\/v2\/media\/2349"}],"wp:attachment":[{"href":"https:\/\/www.primazdroj.com\/en\/wp-json\/wp\/v2\/media?parent=2350"}],"wp:term":[{"taxonomy":"product_brand","embeddable":true,"href":"https:\/\/www.primazdroj.com\/en\/wp-json\/wp\/v2\/product_brand?post=2350"},{"taxonomy":"product_cat","embeddable":true,"href":"https:\/\/www.primazdroj.com\/en\/wp-json\/wp\/v2\/product_cat?post=2350"},{"taxonomy":"product_tag","embeddable":true,"href":"https:\/\/www.primazdroj.com\/en\/wp-json\/wp\/v2\/product_tag?post=2350"}],"curies":[{"name":"wp","href":"https:\/\/api.w.org\/{rel}","templated":true}]}}