{"id":2330,"date":"2024-05-02T20:31:03","date_gmt":"2024-05-02T20:31:03","guid":{"rendered":"https:\/\/www.primazdroj.com\/produkt\/advertising-areas-vlcince-i-zilina\/"},"modified":"2024-05-02T20:31:03","modified_gmt":"2024-05-02T20:31:03","slug":"advertising-areas-vlcince-i-zilina","status":"publish","type":"product","link":"https:\/\/www.primazdroj.com\/en\/produkt\/advertising-areas-vlcince-i-zilina\/","title":{"rendered":"Advertising areas Vl\u010dince I. \u017dilina"},"content":{"rendered":"<p><strong>Address<\/strong><\/p>\n<p>Slovansk\u00e1 cesta 3319, 010 08 \u017dilina 8<\/p>\n<p><strong>Location<\/strong><\/p>\n<ul>\n<li>The building is located in the centre of the Vl\u010dince II housing estate. in a residential zone, surrounded by prefabricated houses. It is about 2.5 km away from the city centre.<\/li>\n<li>There is a public transport stop nearby.<\/li>\n<li>The property is located in the center of the housing estate &#8211; high traffic of people.<\/li>\n<li>The building has an ATM.<\/li>\n<\/ul>\n<p>&nbsp;<\/p>\n<p><strong>Utilization<\/strong><\/p>\n<ul>\n<li><strong>Possibility of advertising on the facade<\/strong><\/li>\n<li>The building is two-storey, on the ground floor there is a grocery store, drugstore and industrial goods. Upstairs there is a restaurant, pizzeria, hairdresser, cosmetics.<\/li>\n<li>The building has an ATM.<\/li>\n<\/ul>\n","protected":false},"excerpt":{"rendered":"<p>Address Slovansk\u00e1 cesta 3319, 010 08 \u017dilina 8 Location The building is located in the centre of the Vl\u010dince II housing estate. in a residential zone, surrounded by prefabricated houses. It is about 2.5 km away from the city centre. There is a public transport stop nearby. The property is located in the center of [&hellip;]<\/p>\n","protected":false},"featured_media":2329,"template":"","meta":{"_monsterinsights_skip_tracking":false,"_monsterinsights_sitenote_active":false,"_monsterinsights_sitenote_note":"","_monsterinsights_sitenote_category":0},"product_brand":[],"product_cat":[65,49],"product_tag":[55],"class_list":{"0":"post-2330","1":"product","2":"type-product","3":"status-publish","4":"has-post-thumbnail","6":"product_cat-advertising-areas","7":"product_cat-complete-offer","8":"product_tag-zilina-region","10":"first","11":"instock","12":"shipping-taxable","13":"product-type-simple"},"aioseo_notices":[],"jetpack_sharing_enabled":true,"_links":{"self":[{"href":"https:\/\/www.primazdroj.com\/en\/wp-json\/wp\/v2\/product\/2330","targetHints":{"allow":["GET"]}}],"collection":[{"href":"https:\/\/www.primazdroj.com\/en\/wp-json\/wp\/v2\/product"}],"about":[{"href":"https:\/\/www.primazdroj.com\/en\/wp-json\/wp\/v2\/types\/product"}],"wp:featuredmedia":[{"embeddable":true,"href":"https:\/\/www.primazdroj.com\/en\/wp-json\/wp\/v2\/media\/2329"}],"wp:attachment":[{"href":"https:\/\/www.primazdroj.com\/en\/wp-json\/wp\/v2\/media?parent=2330"}],"wp:term":[{"taxonomy":"product_brand","embeddable":true,"href":"https:\/\/www.primazdroj.com\/en\/wp-json\/wp\/v2\/product_brand?post=2330"},{"taxonomy":"product_cat","embeddable":true,"href":"https:\/\/www.primazdroj.com\/en\/wp-json\/wp\/v2\/product_cat?post=2330"},{"taxonomy":"product_tag","embeddable":true,"href":"https:\/\/www.primazdroj.com\/en\/wp-json\/wp\/v2\/product_tag?post=2330"}],"curies":[{"name":"wp","href":"https:\/\/api.w.org\/{rel}","templated":true}]}}