{"id":2202,"date":"2024-03-09T12:41:03","date_gmt":"2024-03-09T12:41:03","guid":{"rendered":"https:\/\/www.primazdroj.com\/produkt\/advertising-space-zilina-vlcince-i\/"},"modified":"2024-03-09T12:41:03","modified_gmt":"2024-03-09T12:41:03","slug":"advertising-space-zilina-vlcince-i","status":"publish","type":"product","link":"https:\/\/www.primazdroj.com\/en\/produkt\/advertising-space-zilina-vlcince-i\/","title":{"rendered":"Advertising space \u017dilina Vl\u010dince I."},"content":{"rendered":"<p><strong>Address<\/strong><\/p>\n<p>Vl\u010dince I., ul. \u010cernovsk\u00e1 1668, 010 \u017dilina<\/p>\n<p><strong>Location<\/strong><\/p>\n<ul>\n<li>The building is situated in the central part of the housing estate Vl\u010dince I. Distance from the city center is about 2.5 km.<\/li>\n<li>Transport connections &#8211; main road 0.5 km, railway station and bus station 3 km.<\/li>\n<li>In the vicinity there are retail outlets and services of various nature, a primary school and a swimming pool.<\/li>\n<li>At a distance of about 150 m from the property is a bus stop for public transport.<\/li>\n<li>There is a fruit and vegetable market about 700 m from the property.<\/li>\n<li>At a distance of 1.5 km from the property there is a shopping center Dube\u0148 with hypermarket Carrefour, Kaufland, Lidl, Baumax and TESCO.<\/li>\n<li>Cultural facilities in the surroundings &#8211; library (in the house), church (1 km).<\/li>\n<\/ul>\n<p><strong>Utilization<\/strong><\/p>\n<ul>\n<li><strong>Possibility of advertising on the facade<\/strong><\/li>\n<li>The building is two-storey, on the ground floor there is a restaurant with a games room and a bar, on the first floor there is a library and a second hand shop.<\/li>\n<li>Possibilities of commercial use &#8211; business premises, restaurant services, services of various nature, entertainment, relaxation.<\/li>\n<li>The supply of the building is solved from the street Sv. Cyril and Methodius to the eastern side of the building &#8211; see photo documentation of the exterior.<\/li>\n<\/ul>\n","protected":false},"excerpt":{"rendered":"<p>Address Vl\u010dince I., ul. \u010cernovsk\u00e1 1668, 010 \u017dilina Location The building is situated in the central part of the housing estate Vl\u010dince I. Distance from the city center is about 2.5 km. Transport connections &#8211; main road 0.5 km, railway station and bus station 3 km. In the vicinity there are retail outlets and services [&hellip;]<\/p>\n","protected":false},"featured_media":2201,"template":"","meta":{"_monsterinsights_skip_tracking":false,"_monsterinsights_sitenote_active":false,"_monsterinsights_sitenote_note":"","_monsterinsights_sitenote_category":0},"product_brand":[],"product_cat":[65,49],"product_tag":[55],"class_list":{"0":"post-2202","1":"product","2":"type-product","3":"status-publish","4":"has-post-thumbnail","6":"product_cat-advertising-areas","7":"product_cat-complete-offer","8":"product_tag-zilina-region","10":"first","11":"instock","12":"shipping-taxable","13":"product-type-simple"},"aioseo_notices":[],"jetpack_sharing_enabled":true,"_links":{"self":[{"href":"https:\/\/www.primazdroj.com\/en\/wp-json\/wp\/v2\/product\/2202","targetHints":{"allow":["GET"]}}],"collection":[{"href":"https:\/\/www.primazdroj.com\/en\/wp-json\/wp\/v2\/product"}],"about":[{"href":"https:\/\/www.primazdroj.com\/en\/wp-json\/wp\/v2\/types\/product"}],"wp:featuredmedia":[{"embeddable":true,"href":"https:\/\/www.primazdroj.com\/en\/wp-json\/wp\/v2\/media\/2201"}],"wp:attachment":[{"href":"https:\/\/www.primazdroj.com\/en\/wp-json\/wp\/v2\/media?parent=2202"}],"wp:term":[{"taxonomy":"product_brand","embeddable":true,"href":"https:\/\/www.primazdroj.com\/en\/wp-json\/wp\/v2\/product_brand?post=2202"},{"taxonomy":"product_cat","embeddable":true,"href":"https:\/\/www.primazdroj.com\/en\/wp-json\/wp\/v2\/product_cat?post=2202"},{"taxonomy":"product_tag","embeddable":true,"href":"https:\/\/www.primazdroj.com\/en\/wp-json\/wp\/v2\/product_tag?post=2202"}],"curies":[{"name":"wp","href":"https:\/\/api.w.org\/{rel}","templated":true}]}}