{"id":2198,"date":"2024-03-09T12:36:35","date_gmt":"2024-03-09T12:36:35","guid":{"rendered":"https:\/\/www.primazdroj.com\/produkt\/advertising-space-zilina-od-tempo\/"},"modified":"2024-03-09T12:36:35","modified_gmt":"2024-03-09T12:36:35","slug":"advertising-space-zilina-od-tempo","status":"publish","type":"product","link":"https:\/\/www.primazdroj.com\/en\/produkt\/advertising-space-zilina-od-tempo\/","title":{"rendered":"Advertising space \u017dilina (OD Tempo)"},"content":{"rendered":"<p><strong>Address<\/strong><\/p>\n<p>A. Bernol\u00e1ka 3268, 010 01 \u017dilina<\/p>\n<p><strong>Location<\/strong><\/p>\n<p>The street on which the building is located is a continuation of the entire shopping zone, which is situated from Mari\u00e1nsk\u00e9 Square through \u013d. \u0160t\u00far to A. Bernol\u00e1ka.<\/p>\n<ul>\n<li>The building has an ATM.<\/li>\n<li>In front of the building there is a cycle path.<\/li>\n<li>In the vicinity of the building there are shops and services of various kinds (electro, carpets, cafes, florists, groceries&#8230;) and a gymnasium.<\/li>\n<li>Near the building there is a library (approx. 150 m), a hospital with a polyclinic (approx. 250 m) and a stop for public transport and long-distance connections (approx. 500 m).<\/li>\n<\/ul>\n<p><strong>Utilization<\/strong><\/p>\n<p><strong>Possibility of advertising on the facade<\/strong><\/p>\n<p>The building is two-storey and is conveniently located in the city centre and at the same time in a residential zone, which ensures a high traffic of people.<\/p>\n<p>On the ground floor there is a TESCO Express grocery and industrial goods store and a games room. Upstairs there is a restaurant, pizzeria, dental technology, warehouse space, office space.<\/p>\n","protected":false},"excerpt":{"rendered":"<p>Address A. Bernol\u00e1ka 3268, 010 01 \u017dilina Location The street on which the building is located is a continuation of the entire shopping zone, which is situated from Mari\u00e1nsk\u00e9 Square through \u013d. \u0160t\u00far to A. Bernol\u00e1ka. The building has an ATM. In front of the building there is a cycle path. In the vicinity of [&hellip;]<\/p>\n","protected":false},"featured_media":2197,"template":"","meta":{"_monsterinsights_skip_tracking":false,"_monsterinsights_sitenote_active":false,"_monsterinsights_sitenote_note":"","_monsterinsights_sitenote_category":0},"product_brand":[],"product_cat":[65,49],"product_tag":[55],"class_list":{"0":"post-2198","1":"product","2":"type-product","3":"status-publish","4":"has-post-thumbnail","6":"product_cat-advertising-areas","7":"product_cat-complete-offer","8":"product_tag-zilina-region","10":"first","11":"instock","12":"shipping-taxable","13":"product-type-simple"},"aioseo_notices":[],"jetpack_sharing_enabled":true,"_links":{"self":[{"href":"https:\/\/www.primazdroj.com\/en\/wp-json\/wp\/v2\/product\/2198","targetHints":{"allow":["GET"]}}],"collection":[{"href":"https:\/\/www.primazdroj.com\/en\/wp-json\/wp\/v2\/product"}],"about":[{"href":"https:\/\/www.primazdroj.com\/en\/wp-json\/wp\/v2\/types\/product"}],"wp:featuredmedia":[{"embeddable":true,"href":"https:\/\/www.primazdroj.com\/en\/wp-json\/wp\/v2\/media\/2197"}],"wp:attachment":[{"href":"https:\/\/www.primazdroj.com\/en\/wp-json\/wp\/v2\/media?parent=2198"}],"wp:term":[{"taxonomy":"product_brand","embeddable":true,"href":"https:\/\/www.primazdroj.com\/en\/wp-json\/wp\/v2\/product_brand?post=2198"},{"taxonomy":"product_cat","embeddable":true,"href":"https:\/\/www.primazdroj.com\/en\/wp-json\/wp\/v2\/product_cat?post=2198"},{"taxonomy":"product_tag","embeddable":true,"href":"https:\/\/www.primazdroj.com\/en\/wp-json\/wp\/v2\/product_tag?post=2198"}],"curies":[{"name":"wp","href":"https:\/\/api.w.org\/{rel}","templated":true}]}}