{"id":2182,"date":"2024-03-09T12:25:24","date_gmt":"2024-03-09T12:25:24","guid":{"rendered":"https:\/\/www.primazdroj.com\/produkt\/advertising-space-prievidza-department-store\/"},"modified":"2024-03-09T12:25:24","modified_gmt":"2024-03-09T12:25:24","slug":"advertising-space-prievidza-department-store","status":"publish","type":"product","link":"https:\/\/www.primazdroj.com\/en\/produkt\/advertising-space-prievidza-department-store\/","title":{"rendered":"Advertising space Prievidza (department store)"},"content":{"rendered":"<p><strong>Address<\/strong><\/p>\n<p>A. Mi\u0161\u00fata 20779, 971 01 Prievidza<\/p>\n<p><strong>Location<\/strong><\/p>\n<ul>\n<li>The building is located in the centre of the Zapot\u00f4\u010dky housing estate, which is the largest housing estate in Prievidza.<\/li>\n<li>Transport connections &#8211; main road 1 km, bus station and railway station 1 km.<\/li>\n<li>There is a small pedestrian zone along the building and a courtyard between the apartment blocks with sports activities in close proximity.<\/li>\n<li>There is a primary school 100 m from the property.<\/li>\n<li>Directly behind the building is another small multifunctional building (gaming room, betting office).<\/li>\n<li>At a distance of 150 m there is a stop for public transport.<\/li>\n<li>Near the building there is a church and various small operations serving the residents of the estate.<\/li>\n<li>Shopping center with supermarkets Hypernova, Decodom, Asko, Baumax is located 1 km from the property in the direction of Nitrianske Pravno.<\/li>\n<li>The shopping centre with supermarkets Tesco, Kaufland and shopping centre Korzo is located 500 m from the building in the direction of Bojnice, together with a 4-storey new Uniklinik.<\/li>\n<\/ul>\n<p><strong>Utilization<\/strong><\/p>\n<p>Advertising on the facade<\/p>\n","protected":false},"excerpt":{"rendered":"<p>Address A. Mi\u0161\u00fata 20779, 971 01 Prievidza Location The building is located in the centre of the Zapot\u00f4\u010dky housing estate, which is the largest housing estate in Prievidza. Transport connections &#8211; main road 1 km, bus station and railway station 1 km. There is a small pedestrian zone along the building and a courtyard between [&hellip;]<\/p>\n","protected":false},"featured_media":2175,"template":"","meta":{"_monsterinsights_skip_tracking":false,"_monsterinsights_sitenote_active":false,"_monsterinsights_sitenote_note":"","_monsterinsights_sitenote_category":0},"product_brand":[],"product_cat":[65,49],"product_tag":[57],"class_list":{"0":"post-2182","1":"product","2":"type-product","3":"status-publish","4":"has-post-thumbnail","6":"product_cat-advertising-areas","7":"product_cat-complete-offer","8":"product_tag-trencin-region","10":"first","11":"instock","12":"shipping-taxable","13":"product-type-simple"},"aioseo_notices":[],"jetpack_sharing_enabled":true,"_links":{"self":[{"href":"https:\/\/www.primazdroj.com\/en\/wp-json\/wp\/v2\/product\/2182","targetHints":{"allow":["GET"]}}],"collection":[{"href":"https:\/\/www.primazdroj.com\/en\/wp-json\/wp\/v2\/product"}],"about":[{"href":"https:\/\/www.primazdroj.com\/en\/wp-json\/wp\/v2\/types\/product"}],"wp:featuredmedia":[{"embeddable":true,"href":"https:\/\/www.primazdroj.com\/en\/wp-json\/wp\/v2\/media\/2175"}],"wp:attachment":[{"href":"https:\/\/www.primazdroj.com\/en\/wp-json\/wp\/v2\/media?parent=2182"}],"wp:term":[{"taxonomy":"product_brand","embeddable":true,"href":"https:\/\/www.primazdroj.com\/en\/wp-json\/wp\/v2\/product_brand?post=2182"},{"taxonomy":"product_cat","embeddable":true,"href":"https:\/\/www.primazdroj.com\/en\/wp-json\/wp\/v2\/product_cat?post=2182"},{"taxonomy":"product_tag","embeddable":true,"href":"https:\/\/www.primazdroj.com\/en\/wp-json\/wp\/v2\/product_tag?post=2182"}],"curies":[{"name":"wp","href":"https:\/\/api.w.org\/{rel}","templated":true}]}}