{"id":2167,"date":"2024-03-09T10:34:49","date_gmt":"2024-03-09T10:34:49","guid":{"rendered":"https:\/\/www.primazdroj.com\/produkt\/advertising-space-orlova-pb\/"},"modified":"2024-03-09T12:16:40","modified_gmt":"2024-03-09T12:16:40","slug":"advertising-space-orlova-pb","status":"publish","type":"product","link":"https:\/\/www.primazdroj.com\/en\/produkt\/advertising-space-orlova-pb\/","title":{"rendered":"Advertising space Orlov\u00e1 PB"},"content":{"rendered":"<p><strong>Address<\/strong><\/p>\n<p>Orlov\u00e9 296, 017 01 Pova\u017esk\u00e1 Bystrica<\/p>\n<p><strong>Location<\/strong><\/p>\n<p>The advertising areas are situated on the main road Pova\u017esk\u00e1 Bystrica &#8211; P\u00fachov.<\/p>\n<p><strong>Utilization<\/strong><\/p>\n<p>Double-sided advertising areas, on which it is possible to situate your advertising either in the direction of Pova\u017esk\u00e1 Bystrica or P\u00fachov.<\/p>\n<p>Advertising areas are located at the Orlov\u00e1 and Pr\u00edroda sports complex.<\/p>\n","protected":false},"excerpt":{"rendered":"<p>Address Orlov\u00e9 296, 017 01 Pova\u017esk\u00e1 Bystrica Location The advertising areas are situated on the main road Pova\u017esk\u00e1 Bystrica &#8211; P\u00fachov. Utilization Double-sided advertising areas, on which it is possible to situate your advertising either in the direction of Pova\u017esk\u00e1 Bystrica or P\u00fachov. Advertising areas are located at the Orlov\u00e1 and Pr\u00edroda sports complex.<\/p>\n","protected":false},"featured_media":2166,"template":"","meta":{"_monsterinsights_skip_tracking":false,"_monsterinsights_sitenote_active":false,"_monsterinsights_sitenote_note":"","_monsterinsights_sitenote_category":0},"product_brand":[],"product_cat":[65,49],"product_tag":[57],"class_list":{"0":"post-2167","1":"product","2":"type-product","3":"status-publish","4":"has-post-thumbnail","6":"product_cat-advertising-areas","7":"product_cat-complete-offer","8":"product_tag-trencin-region","10":"first","11":"instock","12":"shipping-taxable","13":"product-type-simple"},"aioseo_notices":[],"jetpack_sharing_enabled":true,"_links":{"self":[{"href":"https:\/\/www.primazdroj.com\/en\/wp-json\/wp\/v2\/product\/2167","targetHints":{"allow":["GET"]}}],"collection":[{"href":"https:\/\/www.primazdroj.com\/en\/wp-json\/wp\/v2\/product"}],"about":[{"href":"https:\/\/www.primazdroj.com\/en\/wp-json\/wp\/v2\/types\/product"}],"wp:featuredmedia":[{"embeddable":true,"href":"https:\/\/www.primazdroj.com\/en\/wp-json\/wp\/v2\/media\/2166"}],"wp:attachment":[{"href":"https:\/\/www.primazdroj.com\/en\/wp-json\/wp\/v2\/media?parent=2167"}],"wp:term":[{"taxonomy":"product_brand","embeddable":true,"href":"https:\/\/www.primazdroj.com\/en\/wp-json\/wp\/v2\/product_brand?post=2167"},{"taxonomy":"product_cat","embeddable":true,"href":"https:\/\/www.primazdroj.com\/en\/wp-json\/wp\/v2\/product_cat?post=2167"},{"taxonomy":"product_tag","embeddable":true,"href":"https:\/\/www.primazdroj.com\/en\/wp-json\/wp\/v2\/product_tag?post=2167"}],"curies":[{"name":"wp","href":"https:\/\/api.w.org\/{rel}","templated":true}]}}