{"id":2150,"date":"2024-03-09T10:29:58","date_gmt":"2024-03-09T10:29:58","guid":{"rendered":"https:\/\/www.primazdroj.com\/produkt\/advertising-space-in-banska-bystrica-log-base\/"},"modified":"2024-03-09T10:29:58","modified_gmt":"2024-03-09T10:29:58","slug":"advertising-space-in-banska-bystrica-log-base","status":"publish","type":"product","link":"https:\/\/www.primazdroj.com\/en\/produkt\/advertising-space-in-banska-bystrica-log-base\/","title":{"rendered":"Advertising space in Bansk\u00e1 Bystrica (log. base)"},"content":{"rendered":"<p><strong>Address<\/strong><\/p>\n<p>Zvolensk\u00e1 cesta 3746\/25, 974 05 Bansk\u00e1 Bystrica<\/p>\n<p><strong>Location<\/strong><\/p>\n<p>The area is situated in the industrial zone of Bansk\u00e1 Bystrica just off the main road Zvolen &#8211; Bansk\u00e1 Bystrica, with direct transport connection to the main drag. A bus station and a train station are 1 km away.<\/p>\n<p><strong>Utilization<\/strong><\/p>\n<ul>\n<li>Separate area of wholesale warehouses with operational and administrative facilities.<\/li>\n<li>The area consists of structurally separate buildings &#8211; a wholesale warehouse, an administrative building, garages and a gatehouse. There are several companies in the area &#8211; food warehouse, sale of installation and heating material + various smaller companies in the administrative building.<\/li>\n<li>At a distance of about 200 m from the property is a garden center, building materials shop, car service, wholesale drugstore.<\/li>\n<li>Convenient location in a logistics complex in the industrial part of Bansk\u00e1 Bystrica.<\/li>\n<\/ul>\n","protected":false},"excerpt":{"rendered":"<p>Address Zvolensk\u00e1 cesta 3746\/25, 974 05 Bansk\u00e1 Bystrica Location The area is situated in the industrial zone of Bansk\u00e1 Bystrica just off the main road Zvolen &#8211; Bansk\u00e1 Bystrica, with direct transport connection to the main drag. A bus station and a train station are 1 km away. Utilization Separate area of wholesale warehouses with [&hellip;]<\/p>\n","protected":false},"featured_media":2147,"template":"","meta":{"_monsterinsights_skip_tracking":false,"_monsterinsights_sitenote_active":false,"_monsterinsights_sitenote_note":"","_monsterinsights_sitenote_category":0},"product_brand":[],"product_cat":[65,49],"product_tag":[56],"class_list":{"0":"post-2150","1":"product","2":"type-product","3":"status-publish","4":"has-post-thumbnail","6":"product_cat-advertising-areas","7":"product_cat-complete-offer","8":"product_tag-banska-bystrica-region","10":"first","11":"instock","12":"shipping-taxable","13":"product-type-simple"},"aioseo_notices":[],"jetpack_sharing_enabled":true,"_links":{"self":[{"href":"https:\/\/www.primazdroj.com\/en\/wp-json\/wp\/v2\/product\/2150","targetHints":{"allow":["GET"]}}],"collection":[{"href":"https:\/\/www.primazdroj.com\/en\/wp-json\/wp\/v2\/product"}],"about":[{"href":"https:\/\/www.primazdroj.com\/en\/wp-json\/wp\/v2\/types\/product"}],"wp:featuredmedia":[{"embeddable":true,"href":"https:\/\/www.primazdroj.com\/en\/wp-json\/wp\/v2\/media\/2147"}],"wp:attachment":[{"href":"https:\/\/www.primazdroj.com\/en\/wp-json\/wp\/v2\/media?parent=2150"}],"wp:term":[{"taxonomy":"product_brand","embeddable":true,"href":"https:\/\/www.primazdroj.com\/en\/wp-json\/wp\/v2\/product_brand?post=2150"},{"taxonomy":"product_cat","embeddable":true,"href":"https:\/\/www.primazdroj.com\/en\/wp-json\/wp\/v2\/product_cat?post=2150"},{"taxonomy":"product_tag","embeddable":true,"href":"https:\/\/www.primazdroj.com\/en\/wp-json\/wp\/v2\/product_tag?post=2150"}],"curies":[{"name":"wp","href":"https:\/\/api.w.org\/{rel}","templated":true}]}}