{"id":2136,"date":"2024-03-09T10:14:49","date_gmt":"2024-03-09T10:14:49","guid":{"rendered":"https:\/\/www.primazdroj.com\/produkt\/parking-on-the-premises-log-bases-za\/"},"modified":"2024-03-09T10:14:49","modified_gmt":"2024-03-09T10:14:49","slug":"parking-on-the-premises-log-bases-za","status":"publish","type":"product","link":"https:\/\/www.primazdroj.com\/en\/produkt\/parking-on-the-premises-log-bases-za\/","title":{"rendered":"Parking on the premises log. bases ZA"},"content":{"rendered":"<p><strong>Address<\/strong><\/p>\n<p>K cintor\u00ednu 97, 010 04 \u017dilina &#8211; B\u00e1nov\u00e1<\/p>\n<p><strong>Location<\/strong><\/p>\n<ul>\n<li>The present properties are situated in the southern part of the town of \u017dilina &#8211; part B\u00e1nov\u00e1, which was integrated into the town of \u017dilina in 1970. They are located in a light industrial zone free of exhalates. The site is on a local road with a parking area of 30 x 35 m for 30 to 40 vehicles. It is about 3 km away from the city centre.<\/li>\n<li>Transport connections &#8211; main road 5 km, bus station and railway station 8 km.<\/li>\n<li>The construction of a motorway feeder to the D1 motorway is underway in the area.<\/li>\n<li>The building is located in the industrial zone of the suburban part of B\u00e1nov\u00e1.<\/li>\n<li>The customs administration is located near the building.<\/li>\n<li>At a distance of about 500 m there is a stop for public transport.<\/li>\n<li>At a distance of about 4 km there is a supermarket LIDL and TESCO.<\/li>\n<\/ul>\n<p><strong>Utilization<\/strong><\/p>\n<p>There are various companies operating in the area &#8211; a warehouse of installation material, mail order service, tyre warehouse, warehouse and distribution of dairy products, locksmith, car repair, tire service, company headquarters &#8211; office space.<\/p>\n<p>Possibilities of commercial use &#8211; warehouse space, production space, office space and commercial space.<\/p>\n","protected":false},"excerpt":{"rendered":"<p>Address K cintor\u00ednu 97, 010 04 \u017dilina &#8211; B\u00e1nov\u00e1 Location The present properties are situated in the southern part of the town of \u017dilina &#8211; part B\u00e1nov\u00e1, which was integrated into the town of \u017dilina in 1970. They are located in a light industrial zone free of exhalates. The site is on a local road [&hellip;]<\/p>\n","protected":false},"featured_media":2131,"template":"","meta":{"_monsterinsights_skip_tracking":false,"_monsterinsights_sitenote_active":false,"_monsterinsights_sitenote_note":"","_monsterinsights_sitenote_category":0},"product_brand":[],"product_cat":[64,49],"product_tag":[55],"class_list":{"0":"post-2136","1":"product","2":"type-product","3":"status-publish","4":"has-post-thumbnail","6":"product_cat-parking-spaces","7":"product_cat-complete-offer","8":"product_tag-zilina-region","10":"first","11":"instock","12":"shipping-taxable","13":"product-type-simple"},"aioseo_notices":[],"jetpack_sharing_enabled":true,"_links":{"self":[{"href":"https:\/\/www.primazdroj.com\/en\/wp-json\/wp\/v2\/product\/2136","targetHints":{"allow":["GET"]}}],"collection":[{"href":"https:\/\/www.primazdroj.com\/en\/wp-json\/wp\/v2\/product"}],"about":[{"href":"https:\/\/www.primazdroj.com\/en\/wp-json\/wp\/v2\/types\/product"}],"wp:featuredmedia":[{"embeddable":true,"href":"https:\/\/www.primazdroj.com\/en\/wp-json\/wp\/v2\/media\/2131"}],"wp:attachment":[{"href":"https:\/\/www.primazdroj.com\/en\/wp-json\/wp\/v2\/media?parent=2136"}],"wp:term":[{"taxonomy":"product_brand","embeddable":true,"href":"https:\/\/www.primazdroj.com\/en\/wp-json\/wp\/v2\/product_brand?post=2136"},{"taxonomy":"product_cat","embeddable":true,"href":"https:\/\/www.primazdroj.com\/en\/wp-json\/wp\/v2\/product_cat?post=2136"},{"taxonomy":"product_tag","embeddable":true,"href":"https:\/\/www.primazdroj.com\/en\/wp-json\/wp\/v2\/product_tag?post=2136"}],"curies":[{"name":"wp","href":"https:\/\/api.w.org\/{rel}","templated":true}]}}