{"id":2043,"date":"2023-12-19T19:10:03","date_gmt":"2023-12-19T19:10:03","guid":{"rendered":"https:\/\/www.primazdroj.com\/produkt\/business-premises-puchov-2\/"},"modified":"2023-12-19T19:10:03","modified_gmt":"2023-12-19T19:10:03","slug":"business-premises-puchov-2","status":"publish","type":"product","link":"https:\/\/www.primazdroj.com\/en\/produkt\/business-premises-puchov-2\/","title":{"rendered":"Business premises P\u00fachov"},"content":{"rendered":"<p><strong>Address<\/strong><\/p>\n<p>M. R. \u0160tef\u00e1nika 811, 020 01 P\u00fachov<\/p>\n<p>&nbsp;<\/p>\n<p><strong>Location<\/strong><\/p>\n<p>The building is located in the centre of P\u00fachov, in close proximity to the city theatre, the Municipal and District Office and the Slovak Post Office.<\/p>\n<p><b>Transport connections:  <\/b><\/p>\n<ul>\n<li>main road (motorway) &#8211; 1 km,<\/li>\n<li>railway station &#8211; 1 km,<\/li>\n<li>bus station -1 km.<\/li>\n<\/ul>\n<p>City center &#8211; high traffic of people.<\/p>\n<p>&nbsp;<\/p>\n<p><strong>Utilization<\/strong><\/p>\n<p>The building is three-storey with a number of different commercial establishments. In the basement of the building there is a technical facilities of the building. On the ground floor of the building &#8211; drugstore, grocery store, clinic for diabetes, metabolic and nutritional disorders, betting office, ice cream, caf\u00e9, stationery, fast food. Businesses at 1. floor of the building &#8211; shoe and textile shop, hairdresser, bar. <\/p>\n<p>Possibilities of commercial use (operation of services of various nature).<\/p>\n<p>The building has an elevator to 2. floor <\/p>\n<p>Possibility of advertising on the facade (large advertising space and advertising showcases from a busy road).<\/p>\n<p>Free parking behind the building &#8211; near residential houses. <\/p>\n<p>&nbsp;<\/p>\n","protected":false},"excerpt":{"rendered":"<p>Address M. R. \u0160tef\u00e1nika 811, 020 01 P\u00fachov &nbsp; Location The building is located in the centre of P\u00fachov, in close proximity to the city theatre, the Municipal and District Office and the Slovak Post Office. Transport connections: main road (motorway) &#8211; 1 km, railway station &#8211; 1 km, bus station -1 km. City center [&hellip;]<\/p>\n","protected":false},"featured_media":2011,"template":"","meta":{"_monsterinsights_skip_tracking":false,"_monsterinsights_sitenote_active":false,"_monsterinsights_sitenote_note":"","_monsterinsights_sitenote_category":0},"product_brand":[],"product_cat":[53],"product_tag":[57],"class_list":{"0":"post-2043","1":"product","2":"type-product","3":"status-publish","4":"has-post-thumbnail","6":"product_cat-business-premises","7":"product_tag-trencin-region","9":"first","10":"instock","11":"shipping-taxable","12":"product-type-simple"},"aioseo_notices":[],"jetpack_sharing_enabled":true,"_links":{"self":[{"href":"https:\/\/www.primazdroj.com\/en\/wp-json\/wp\/v2\/product\/2043","targetHints":{"allow":["GET"]}}],"collection":[{"href":"https:\/\/www.primazdroj.com\/en\/wp-json\/wp\/v2\/product"}],"about":[{"href":"https:\/\/www.primazdroj.com\/en\/wp-json\/wp\/v2\/types\/product"}],"wp:featuredmedia":[{"embeddable":true,"href":"https:\/\/www.primazdroj.com\/en\/wp-json\/wp\/v2\/media\/2011"}],"wp:attachment":[{"href":"https:\/\/www.primazdroj.com\/en\/wp-json\/wp\/v2\/media?parent=2043"}],"wp:term":[{"taxonomy":"product_brand","embeddable":true,"href":"https:\/\/www.primazdroj.com\/en\/wp-json\/wp\/v2\/product_brand?post=2043"},{"taxonomy":"product_cat","embeddable":true,"href":"https:\/\/www.primazdroj.com\/en\/wp-json\/wp\/v2\/product_cat?post=2043"},{"taxonomy":"product_tag","embeddable":true,"href":"https:\/\/www.primazdroj.com\/en\/wp-json\/wp\/v2\/product_tag?post=2043"}],"curies":[{"name":"wp","href":"https:\/\/api.w.org\/{rel}","templated":true}]}}