{"id":1945,"date":"2023-12-19T18:10:12","date_gmt":"2023-12-19T18:10:12","guid":{"rendered":"https:\/\/www.primazdroj.com\/?post_type=product&#038;p=1945"},"modified":"2023-12-19T18:15:49","modified_gmt":"2023-12-19T18:15:49","slug":"office-space-povazska-bystrica-ab3-kopia","status":"publish","type":"product","link":"https:\/\/www.primazdroj.com\/en\/produkt\/office-space-povazska-bystrica-ab3-kopia\/","title":{"rendered":"Office space Pova\u017esk\u00e1 Bystrica AB3 (K\u00f3pia)"},"content":{"rendered":"<p><strong>Address<\/strong><\/p>\n<p>Tatransk\u00e1 296 (297), 017 01 Pova\u017esk\u00e1 Bystrica<\/p>\n<p>&nbsp;<\/p>\n<p><strong>Location<\/strong><\/p>\n<ul>\n<li>situated in the <strong>engineering part of <\/strong>Pova\u017esk\u00e1 Bystrica, near the House of Culture,<\/li>\n<li>it is only <strong>350 m from the main bus station<\/strong> and about <strong>400 m from the railway station<\/strong><\/li>\n<li>distance from the centre is about 2 km<\/li>\n<li>In the vicinity there is a pharmacy (about 50 m), <strong>kindergarten<\/strong> (about 200 m), <strong>sports complex<\/strong> (<strong>winter stadium, swimming pool, tennis courts<\/strong> &#8211; about 300 m), various shops and services, <strong>market<\/strong> (within 400 m).<\/li>\n<\/ul>\n<p>&nbsp;<\/p>\n<p><strong>Utilization<\/strong><\/p>\n<ul>\n<li><a name=\"_Toc325433799\"><\/a> It is a two-storey building. The total usable area of the building is 480.6 m2, the <strong>dimensions of the rooms are 10 &#8211; 40 m2.<\/strong><\/li>\n<li>Possibilities of commercial use &#8211; the premises are suitable for the establishment of offices, outpatient clinics, health center, or as a commercial or warehouse space.<\/li>\n<\/ul>\n","protected":false},"excerpt":{"rendered":"<p>Address Tatransk\u00e1 296 (297), 017 01 Pova\u017esk\u00e1 Bystrica &nbsp; Location situated in the engineering part of Pova\u017esk\u00e1 Bystrica, near the House of Culture, it is only 350 m from the main bus station and about 400 m from the railway station distance from the centre is about 2 km In the vicinity there is a [&hellip;]<\/p>\n","protected":false},"featured_media":1951,"template":"","meta":{"_monsterinsights_skip_tracking":false,"_monsterinsights_sitenote_active":false,"_monsterinsights_sitenote_note":"","_monsterinsights_sitenote_category":0},"product_brand":[],"product_cat":[49,52],"product_tag":[57],"class_list":{"0":"post-1945","1":"product","2":"type-product","3":"status-publish","4":"has-post-thumbnail","6":"product_cat-complete-offer","7":"product_cat-office-space","8":"product_tag-trencin-region","10":"first","11":"instock","12":"shipping-taxable","13":"product-type-simple"},"aioseo_notices":[],"jetpack_sharing_enabled":true,"_links":{"self":[{"href":"https:\/\/www.primazdroj.com\/en\/wp-json\/wp\/v2\/product\/1945","targetHints":{"allow":["GET"]}}],"collection":[{"href":"https:\/\/www.primazdroj.com\/en\/wp-json\/wp\/v2\/product"}],"about":[{"href":"https:\/\/www.primazdroj.com\/en\/wp-json\/wp\/v2\/types\/product"}],"wp:featuredmedia":[{"embeddable":true,"href":"https:\/\/www.primazdroj.com\/en\/wp-json\/wp\/v2\/media\/1951"}],"wp:attachment":[{"href":"https:\/\/www.primazdroj.com\/en\/wp-json\/wp\/v2\/media?parent=1945"}],"wp:term":[{"taxonomy":"product_brand","embeddable":true,"href":"https:\/\/www.primazdroj.com\/en\/wp-json\/wp\/v2\/product_brand?post=1945"},{"taxonomy":"product_cat","embeddable":true,"href":"https:\/\/www.primazdroj.com\/en\/wp-json\/wp\/v2\/product_cat?post=1945"},{"taxonomy":"product_tag","embeddable":true,"href":"https:\/\/www.primazdroj.com\/en\/wp-json\/wp\/v2\/product_tag?post=1945"}],"curies":[{"name":"wp","href":"https:\/\/api.w.org\/{rel}","templated":true}]}}