{"id":1811,"date":"2022-10-05T21:57:28","date_gmt":"2022-10-05T21:57:28","guid":{"rendered":"https:\/\/www.primazdroj.com\/produkt\/business-premises-banska-bystrica\/"},"modified":"2022-10-05T21:57:28","modified_gmt":"2022-10-05T21:57:28","slug":"business-spaces-banska-bystrica","status":"publish","type":"product","link":"https:\/\/www.primazdroj.com\/en\/produkt\/business-spaces-banska-bystrica\/","title":{"rendered":"Business premises Bansk\u00e1 Bystrica"},"content":{"rendered":"<p><strong>Address <\/strong><\/p>\n<p>Starohorsk\u00e1 6551, 974 11 Bansk\u00e1 Bystrica<\/p>\n<p>&nbsp;<\/p>\n<p><strong>Location <\/strong><\/p>\n<ul>\n<li>The building is located in Bansk\u00e1 Bystrica northeast of the city center in the <strong>S\u00e1sov\u00e1 housing estate<\/strong>. The building is <strong>inside a residential block<\/strong> on Starohorsk\u00e1 Street. Distance from the city center is about 2 km.<\/li>\n<li>Transport connections &#8211; main road 2 km, bus station and railway station 3 km.<\/li>\n<li>In the vicinity there are shops and services of various nature.<\/li>\n<li>At a distance of about <strong>200 m from the building is a bus stop<\/strong> and a newsstand.<\/li>\n<li>At a distance of about <strong>300 m there is a primary school<\/strong> and about <strong>800 m a secondary vocational<\/strong> school.<\/li>\n<\/ul>\n<p>&nbsp;<\/p>\n<p><strong>Utilization <\/strong><\/p>\n<p>The building is <strong>two-storey<\/strong>, in the basement there are vacant premises, on the ground floor there is a grocery store, drugstore and industrial goods, photo studio and production and delivery of food.<\/p>\n<p>Possibilities of commercial use &#8211; <strong>business premises, restaurant services, service operations of various nature, production premises, entertainment, relaxation.<\/strong><\/p>\n","protected":false},"excerpt":{"rendered":"<p>Address Starohorsk\u00e1 6551, 974 11 Bansk\u00e1 Bystrica &nbsp; Location The building is located in Bansk\u00e1 Bystrica northeast of the city center in the S\u00e1sov\u00e1 housing estate. The building is inside a residential block on Starohorsk\u00e1 Street. Distance from the city center is about 2 km. Transport connections &#8211; main road 2 km, bus station and [&hellip;]<\/p>\n","protected":false},"featured_media":1537,"template":"","meta":{"_monsterinsights_skip_tracking":false,"_monsterinsights_sitenote_active":false,"_monsterinsights_sitenote_note":"","_monsterinsights_sitenote_category":0},"product_brand":[],"product_cat":[49,53],"product_tag":[56],"class_list":{"0":"post-1811","1":"product","2":"type-product","3":"status-publish","4":"has-post-thumbnail","6":"product_cat-complete-offer","7":"product_cat-business-premises","8":"product_tag-banska-bystrica-region","10":"first","11":"instock","12":"shipping-taxable","13":"product-type-simple"},"aioseo_notices":[],"jetpack_sharing_enabled":true,"_links":{"self":[{"href":"https:\/\/www.primazdroj.com\/en\/wp-json\/wp\/v2\/product\/1811","targetHints":{"allow":["GET"]}}],"collection":[{"href":"https:\/\/www.primazdroj.com\/en\/wp-json\/wp\/v2\/product"}],"about":[{"href":"https:\/\/www.primazdroj.com\/en\/wp-json\/wp\/v2\/types\/product"}],"wp:featuredmedia":[{"embeddable":true,"href":"https:\/\/www.primazdroj.com\/en\/wp-json\/wp\/v2\/media\/1537"}],"wp:attachment":[{"href":"https:\/\/www.primazdroj.com\/en\/wp-json\/wp\/v2\/media?parent=1811"}],"wp:term":[{"taxonomy":"product_brand","embeddable":true,"href":"https:\/\/www.primazdroj.com\/en\/wp-json\/wp\/v2\/product_brand?post=1811"},{"taxonomy":"product_cat","embeddable":true,"href":"https:\/\/www.primazdroj.com\/en\/wp-json\/wp\/v2\/product_cat?post=1811"},{"taxonomy":"product_tag","embeddable":true,"href":"https:\/\/www.primazdroj.com\/en\/wp-json\/wp\/v2\/product_tag?post=1811"}],"curies":[{"name":"wp","href":"https:\/\/api.w.org\/{rel}","templated":true}]}}