{"id":1807,"date":"2022-10-05T22:51:20","date_gmt":"2022-10-05T22:51:20","guid":{"rendered":"https:\/\/www.primazdroj.com\/produkt\/administrative-space-banska-bystrica\/"},"modified":"2022-10-05T22:51:20","modified_gmt":"2022-10-05T22:51:20","slug":"administrative-spaces-banska-bystrica","status":"publish","type":"product","link":"https:\/\/www.primazdroj.com\/en\/produkt\/administrative-spaces-banska-bystrica\/","title":{"rendered":"Administrative space Bansk\u00e1 Bystrica"},"content":{"rendered":"<p><strong>Address <\/strong><\/p>\n<p>Zvolensk\u00e1 cesta 3746\/25, 974 05 Bansk\u00e1 Bystrica<\/p>\n<p>&nbsp;<\/p>\n<p><strong>Location <\/strong><\/p>\n<ul>\n<li>The area is situated in the <strong>industrial zone of Bansk\u00e1 Bystrica<\/strong> <strong>just off the main road Zvolen &#8211; Bansk\u00e1 Bystrica<\/strong>, with <strong>direct<\/strong> transport <strong>connection to the main road. <\/strong> <\/li>\n<li>A bus station and a train station are 1 km away.<\/li>\n<li>Nearby is a <strong>stop for public transport and suburban connections <\/strong> <\/li>\n<li>There is a <strong>post office nearby. <\/strong> <\/li>\n<li>At a distance of approx. 200 m from the property there is a garden centre, building shops, car<\/li>\n<li>service, wholesale drugstore.<\/li>\n<li>At a distance of about 2 km from the property there is a shopping center &#8211; OBI, Nay elektrodom, Tesco.<\/li>\n<\/ul>\n<p>&nbsp;<\/p>\n<p><strong>Utilization<\/strong><\/p>\n<p><strong>Separate area of wholesale warehouses<\/strong> with <strong>operational and administrative<\/strong> facilities.<\/p>\n<p>The area consists of structurally separate buildings &#8211; a <strong>wholesale warehouse, an administrative building, garages and a gatehouse. <\/strong>There are several companies in the area &#8211; food warehouse, sale of installation and heating material + various smaller companies in the administrative building.<\/p>\n<p>Possibilities of commercial use <strong>&#8211; logistics, storage of goods, business premises, production premises, office space.<\/strong><\/p>\n","protected":false},"excerpt":{"rendered":"<p>Address Zvolensk\u00e1 cesta 3746\/25, 974 05 Bansk\u00e1 Bystrica &nbsp; Location The area is situated in the industrial zone of Bansk\u00e1 Bystrica just off the main road Zvolen &#8211; Bansk\u00e1 Bystrica, with direct transport connection to the main road. A bus station and a train station are 1 km away. Nearby is a stop for public [&hellip;]<\/p>\n","protected":false},"featured_media":1558,"template":"","meta":{"_monsterinsights_skip_tracking":false,"_monsterinsights_sitenote_active":false,"_monsterinsights_sitenote_note":"","_monsterinsights_sitenote_category":0},"product_brand":[],"product_cat":[49,52],"product_tag":[56],"class_list":{"0":"post-1807","1":"product","2":"type-product","3":"status-publish","4":"has-post-thumbnail","6":"product_cat-complete-offer","7":"product_cat-office-space","8":"product_tag-banska-bystrica-region","10":"first","11":"instock","12":"featured","13":"shipping-taxable","14":"product-type-simple"},"aioseo_notices":[],"jetpack_sharing_enabled":true,"_links":{"self":[{"href":"https:\/\/www.primazdroj.com\/en\/wp-json\/wp\/v2\/product\/1807","targetHints":{"allow":["GET"]}}],"collection":[{"href":"https:\/\/www.primazdroj.com\/en\/wp-json\/wp\/v2\/product"}],"about":[{"href":"https:\/\/www.primazdroj.com\/en\/wp-json\/wp\/v2\/types\/product"}],"wp:featuredmedia":[{"embeddable":true,"href":"https:\/\/www.primazdroj.com\/en\/wp-json\/wp\/v2\/media\/1558"}],"wp:attachment":[{"href":"https:\/\/www.primazdroj.com\/en\/wp-json\/wp\/v2\/media?parent=1807"}],"wp:term":[{"taxonomy":"product_brand","embeddable":true,"href":"https:\/\/www.primazdroj.com\/en\/wp-json\/wp\/v2\/product_brand?post=1807"},{"taxonomy":"product_cat","embeddable":true,"href":"https:\/\/www.primazdroj.com\/en\/wp-json\/wp\/v2\/product_cat?post=1807"},{"taxonomy":"product_tag","embeddable":true,"href":"https:\/\/www.primazdroj.com\/en\/wp-json\/wp\/v2\/product_tag?post=1807"}],"curies":[{"name":"wp","href":"https:\/\/api.w.org\/{rel}","templated":true}]}}