{"id":1779,"date":"2022-12-08T14:26:02","date_gmt":"2022-12-08T14:26:02","guid":{"rendered":"https:\/\/www.primazdroj.com\/produkt\/logistics-base-zilina\/"},"modified":"2023-11-27T12:00:55","modified_gmt":"2023-11-27T12:00:55","slug":"logisticka-zakladna-zilina","status":"publish","type":"product","link":"https:\/\/www.primazdroj.com\/en\/produkt\/logisticka-zakladna-zilina\/","title":{"rendered":"Logistics base in \u017dilina"},"content":{"rendered":"<p><strong>Address <\/strong><\/p>\n<p>K cintor\u00ednu 97, 010 04 \u017dilina &#8211; B\u00e1nov\u00e1<\/p>\n<p><strong>Location <\/strong><\/p>\n<ul>\n<li>The properties are situated in the <strong>southern part of the town of \u017dilina<\/strong> &#8211; <strong>part B\u00e1nov\u00e1<\/strong>, which was integrated into the town of \u017dilina in 1970. They are located in a <strong>light industrial zone free of exhalates<\/strong>. The site is on a local road with a parking area of 30 x 35 m for <strong>30 to 40 vehicles.<\/strong> It is about 3 km away from the city centre.<\/li>\n<li>Transport connections &#8211; main road 5 km, bus station and railway station 8 km.<\/li>\n<li>The <strong>connection to the D1 motorway is currently in construction<\/strong>in the area .<\/li>\n<li>The customs administration is located near the building.<\/li>\n<li>At a distance of about <strong>500 m there is a stop for public transport.<\/strong><\/li>\n<li>At a distance of about <strong>4 km<\/strong> there is a <strong>supermarket LIDL and TESCO.<\/strong><\/li>\n<\/ul>\n<p><strong> <\/strong><\/p>\n<p><strong>Utilization <\/strong><\/p>\n<p>There are various companies operating in the area &#8211; a warehouse of installation material, mail order service, tyre warehouse, warehouse and distribution of dairy products, locksmith, car repair, tire service, company headquarters &#8211; office space.<\/p>\n<p>Possibilities of commercial use &#8211; warehouse space, production space, office space and commercial space.<\/p>\n","protected":false},"excerpt":{"rendered":"<p>Address K cintor\u00ednu 97, 010 04 \u017dilina &#8211; B\u00e1nov\u00e1 Location The properties are situated in the southern part of the town of \u017dilina &#8211; part B\u00e1nov\u00e1, which was integrated into the town of \u017dilina in 1970. They are located in a light industrial zone free of exhalates. The site is on a local road with [&hellip;]<\/p>\n","protected":false},"featured_media":1590,"template":"","meta":{"_monsterinsights_skip_tracking":false,"_monsterinsights_sitenote_active":false,"_monsterinsights_sitenote_note":"","_monsterinsights_sitenote_category":0},"product_brand":[],"product_cat":[49,53,52,54],"product_tag":[55],"class_list":{"0":"post-1779","1":"product","2":"type-product","3":"status-publish","4":"has-post-thumbnail","6":"product_cat-complete-offer","7":"product_cat-business-premises","8":"product_cat-office-space","9":"product_cat-warehouse-space","10":"product_tag-zilina-region","12":"first","13":"instock","14":"shipping-taxable","15":"product-type-simple"},"aioseo_notices":[],"jetpack_sharing_enabled":true,"_links":{"self":[{"href":"https:\/\/www.primazdroj.com\/en\/wp-json\/wp\/v2\/product\/1779","targetHints":{"allow":["GET"]}}],"collection":[{"href":"https:\/\/www.primazdroj.com\/en\/wp-json\/wp\/v2\/product"}],"about":[{"href":"https:\/\/www.primazdroj.com\/en\/wp-json\/wp\/v2\/types\/product"}],"wp:featuredmedia":[{"embeddable":true,"href":"https:\/\/www.primazdroj.com\/en\/wp-json\/wp\/v2\/media\/1590"}],"wp:attachment":[{"href":"https:\/\/www.primazdroj.com\/en\/wp-json\/wp\/v2\/media?parent=1779"}],"wp:term":[{"taxonomy":"product_brand","embeddable":true,"href":"https:\/\/www.primazdroj.com\/en\/wp-json\/wp\/v2\/product_brand?post=1779"},{"taxonomy":"product_cat","embeddable":true,"href":"https:\/\/www.primazdroj.com\/en\/wp-json\/wp\/v2\/product_cat?post=1779"},{"taxonomy":"product_tag","embeddable":true,"href":"https:\/\/www.primazdroj.com\/en\/wp-json\/wp\/v2\/product_tag?post=1779"}],"curies":[{"name":"wp","href":"https:\/\/api.w.org\/{rel}","templated":true}]}}