{"id":1776,"date":"2023-05-11T07:40:50","date_gmt":"2023-05-11T07:40:50","guid":{"rendered":"https:\/\/www.primazdroj.com\/produkt\/4-room-apartment-tatranska-povazska-bystrica\/"},"modified":"2024-12-03T16:04:29","modified_gmt":"2024-12-03T16:04:29","slug":"4-room-apartment-tatranska-povazska-bystrica","status":"publish","type":"product","link":"https:\/\/www.primazdroj.com\/en\/produkt\/4-room-apartment-tatranska-povazska-bystrica\/","title":{"rendered":"4-room apartment Tatransk\u00e1 Pova\u017esk\u00e1 Bystrica"},"content":{"rendered":"<p><strong>Address <\/strong><\/p>\n<p>Tatransk\u00e1 299\/23-16 , 017 01 Pova\u017esk\u00e1 Bystrica<\/p>\n<p>&nbsp;<\/p>\n<p><strong>Location <\/strong><\/p>\n<ul>\n<li>Tatransk\u00e1 Pova\u017esk\u00e1 Bystrica in the Stroj\u00e1rensk\u00e1 quarter<\/li>\n<li>transport connections: main road (motorway) &#8211; 1 km, bus station 200 m and railway station 500 m<\/li>\n<li>restaurant, pharmacy, school, kindergarten, grocery shop<\/li>\n<li>winter stadium<\/li>\n<li>football stadium<\/li>\n<\/ul>\n<p><strong> <\/strong><\/p>\n<p><strong>Utilization <\/strong><\/p>\n<p>Apartment no. 16 located at 5th floor of a residential building (with elevator) and consists of 4 living rooms, kitchen, hallway and bathroom with toilet. The total floor area of the apartment without loggia is 79.61 m2. The apartment is partially renovated, furnished with a loggia. The apartment comes with a cellar.<\/p>\n","protected":false},"excerpt":{"rendered":"<p>Address Tatransk\u00e1 299\/23-16 , 017 01 Pova\u017esk\u00e1 Bystrica &nbsp; Location Tatransk\u00e1 Pova\u017esk\u00e1 Bystrica in the Stroj\u00e1rensk\u00e1 quarter transport connections: main road (motorway) &#8211; 1 km, bus station 200 m and railway station 500 m restaurant, pharmacy, school, kindergarten, grocery shop winter stadium football stadium Utilization Apartment no. 16 located at 5th floor of a residential [&hellip;]<\/p>\n","protected":false},"featured_media":1667,"template":"","meta":{"_monsterinsights_skip_tracking":false,"_monsterinsights_sitenote_active":false,"_monsterinsights_sitenote_note":"","_monsterinsights_sitenote_category":0},"product_brand":[],"product_cat":[49,50],"product_tag":[57],"class_list":{"0":"post-1776","1":"product","2":"type-product","3":"status-publish","4":"has-post-thumbnail","6":"product_cat-complete-offer","7":"product_cat-residential-premises","8":"product_tag-trencin-region","10":"first","11":"instock","12":"shipping-taxable","13":"product-type-simple"},"aioseo_notices":[],"jetpack_sharing_enabled":true,"_links":{"self":[{"href":"https:\/\/www.primazdroj.com\/en\/wp-json\/wp\/v2\/product\/1776","targetHints":{"allow":["GET"]}}],"collection":[{"href":"https:\/\/www.primazdroj.com\/en\/wp-json\/wp\/v2\/product"}],"about":[{"href":"https:\/\/www.primazdroj.com\/en\/wp-json\/wp\/v2\/types\/product"}],"wp:featuredmedia":[{"embeddable":true,"href":"https:\/\/www.primazdroj.com\/en\/wp-json\/wp\/v2\/media\/1667"}],"wp:attachment":[{"href":"https:\/\/www.primazdroj.com\/en\/wp-json\/wp\/v2\/media?parent=1776"}],"wp:term":[{"taxonomy":"product_brand","embeddable":true,"href":"https:\/\/www.primazdroj.com\/en\/wp-json\/wp\/v2\/product_brand?post=1776"},{"taxonomy":"product_cat","embeddable":true,"href":"https:\/\/www.primazdroj.com\/en\/wp-json\/wp\/v2\/product_cat?post=1776"},{"taxonomy":"product_tag","embeddable":true,"href":"https:\/\/www.primazdroj.com\/en\/wp-json\/wp\/v2\/product_tag?post=1776"}],"curies":[{"name":"wp","href":"https:\/\/api.w.org\/{rel}","templated":true}]}}